{"id":6773,"date":"2023-08-07T06:24:54","date_gmt":"2023-08-07T03:24:54","guid":{"rendered":"https:\/\/www.oguzmakinem.com\/?page_id=6773"},"modified":"2023-10-13T12:40:41","modified_gmt":"2023-10-13T09:40:41","slug":"hakkimizda","status":"publish","type":"page","link":"https:\/\/www.oguzmakinem.com\/tr_TR\/hakkimizda\/","title":{"rendered":"Hakk\u0131m\u0131zda"},"content":{"rendered":"\n<p>1995 y\u0131l\u0131ndan beri sekt\u00f6r\u00fcm\u00fczde var olan O\u011fuz Makine, statik toz boya tesisi , al\u00fcminyum termikleme f\u0131r\u0131n\u0131 , kataforez tesisi , eloksal tesisi , anti statik pvc kabin , boya robotlar\u0131 ve ah\u015fap kaplama makineleri imalat\u0131nda uzmanla\u015fm\u0131\u015ft\u0131r. M\u00fc\u015fteri odakl\u0131 yakla\u015f\u0131m\u0131m\u0131z ve kararl\u0131l\u0131\u011f\u0131m\u0131z sayesinde, m\u00fc\u015fteri beklentilerini a\u015fan hizmetler sunarak sekt\u00f6rde \u00f6nemli bir konuma ula\u015fm\u0131\u015f bulunmaktay\u0131z.<\/p>\n\n\n\n<p>O\u011fuz Makine olarak en b\u00fcy\u00fck \u00f6nceli\u011fimiz m\u00fc\u015fteri memnuniyetidir. M\u00fc\u015fterilerimizin ihtiya\u00e7lar\u0131n\u0131 anlamak, onlar\u0131n i\u015f s\u00fcre\u00e7lerine uygun \u00f6zel \u00e7\u00f6z\u00fcmler sunmak ve zaman\u0131nda teslimatlar ger\u00e7ekle\u015ftirmek i\u00e7in \u00e7al\u0131\u015f\u0131yoruz. M\u00fc\u015fterilerimizin memnuniyeti ve g\u00fcveni, y\u0131llar i\u00e7inde bize katlanarak artan bir m\u00fc\u015fteri portf\u00f6y\u00fc kazand\u0131rm\u0131\u015ft\u0131r.<\/p>\n\n\n\n<p>Kalitemize olan g\u00fcvenimiz, her bir \u00fcr\u00fcn\u00fcm\u00fczde ve hizmetimizde a\u00e7\u0131k\u00e7a g\u00f6r\u00fclmektedir. Son teknoloji \u00fcretim ekipmanlar\u0131 ve uzman kadromuzla y\u00fcksek kaliteli \u00fcr\u00fcnler sunarak sekt\u00f6rde liderli\u011fimizi s\u00fcrd\u00fcrmekteyiz. Ayn\u0131 zamanda m\u00fc\u015fteri b\u00fct\u00e7elerini g\u00f6z \u00f6n\u00fcnde bulundurarak rekabet\u00e7i fiyat politikam\u0131zla m\u00fc\u015fterilerimize de\u011fer sunmaktay\u0131z.<\/p>\n\n\n\n<p>O\u011fuz Makine\u2019nin ba\u015far\u0131s\u0131n\u0131n arkas\u0131nda, \u00e7al\u0131\u015fanlar\u0131m\u0131z\u0131n tutkusu ve \u00f6zverisi yatar. Ekip ruhu ve s\u00fcrekli geli\u015fim anlay\u0131\u015f\u0131yla, teknolojik yenilikleri yak\u0131ndan takip ediyor, \u00fcretim s\u00fcre\u00e7lerimizi s\u00fcrekli iyile\u015ftiriyoruz.<\/p>\n\n\n\n<p>M\u00fc\u015fterilerimizin i\u015flerini kolayla\u015ft\u0131ran ve verimliliklerini art\u0131ran \u00fcst\u00fcn kaliteli makineler ve g\u00fc\u00e7l\u00fc sat\u0131\u015f sonras\u0131 deste\u011fi ile O\u011fuz Makine, i\u015f ortaklar\u0131m\u0131z\u0131n vazge\u00e7ilmez tercihi olmaya devam ediyor.<\/p>\n\n\n\n<p>Siz de O\u011fuz Makine ailesine kat\u0131larak, sekt\u00f6rdeki ba\u015far\u0131 hikayemize ortak olabilirsiniz. \u0130htiya\u00e7lar\u0131n\u0131za uygun \u00f6zel \u00e7\u00f6z\u00fcmler ve m\u00fckemmel hizmet i\u00e7in bizimle ileti\u015fime ge\u00e7mekten \u00e7ekinmeyin. Kalitemize olan g\u00fcvenimizle, sizlere en iyi hizmeti sunmaktan b\u00fcy\u00fck mutluluk duyar\u0131z.<\/p>\n\n\n\n<p>O\u011fuz Makine, kalite ve g\u00fcvenin adresidir!<\/p>\n\n\n\n<p><\/p>\n","protected":false},"excerpt":{"rendered":"<p><!-- wp:paragraph --><\/p>\n<p>1995 y\u0131l\u0131ndan beri sekt\u00f6r\u00fcm\u00fczde var olan O\u011fuz Makine, statik toz boya tesisi , al\u00fcminyum termikleme f\u0131r\u0131n\u0131 , kataforez tesisi , eloksal tesisi , anti statik pvc kabin , boya robotlar\u0131 ve ah\u015fap kaplama makineleri imalat\u0131nda uz&#8230;<\/p>\n","protected":false},"author":1,"featured_media":0,"parent":0,"menu_order":1,"comment_status":"closed","ping_status":"closed","template":"","meta":{"footnotes":""},"_links":{"self":[{"href":"https:\/\/www.oguzmakinem.com\/tr_TR\/wp-json\/wp\/v2\/pages\/6773"}],"collection":[{"href":"https:\/\/www.oguzmakinem.com\/tr_TR\/wp-json\/wp\/v2\/pages"}],"about":[{"href":"https:\/\/www.oguzmakinem.com\/tr_TR\/wp-json\/wp\/v2\/types\/page"}],"author":[{"embeddable":true,"href":"https:\/\/www.oguzmakinem.com\/tr_TR\/wp-json\/wp\/v2\/users\/1"}],"replies":[{"embeddable":true,"href":"https:\/\/www.oguzmakinem.com\/tr_TR\/wp-json\/wp\/v2\/comments?post=6773"}],"version-history":[{"count":5,"href":"https:\/\/www.oguzmakinem.com\/tr_TR\/wp-json\/wp\/v2\/pages\/6773\/revisions"}],"predecessor-version":[{"id":56139,"href":"https:\/\/www.oguzmakinem.com\/tr_TR\/wp-json\/wp\/v2\/pages\/6773\/revisions\/56139"}],"wp:attachment":[{"href":"https:\/\/www.oguzmakinem.com\/tr_TR\/wp-json\/wp\/v2\/media?parent=6773"}],"curies":[{"name":"wp","href":"https:\/\/api.w.org\/{rel}","templated":true}]}}